{"id":14,"date":"2024-01-22T14:33:01","date_gmt":"2024-01-22T14:33:01","guid":{"rendered":"https:\/\/qntocigars.de\/?page_id=14"},"modified":"2024-02-12T13:19:40","modified_gmt":"2024-02-12T13:19:40","slug":"refund_returns","status":"publish","type":"page","link":"https:\/\/qntocigars.de\/de\/refund_returns\/","title":{"rendered":"R\u00fcckerstattung und R\u00fcckgabe"},"content":{"rendered":"<div data-elementor-type=\"wp-page\" data-elementor-id=\"14\" class=\"elementor elementor-14\" data-elementor-post-type=\"page\">\n\t\t\t\t<div class=\"elementor-element elementor-element-a5a0d26 e-flex e-con-boxed e-con e-parent\" data-id=\"a5a0d26\" data-element_type=\"container\" data-e-type=\"container\" data-settings=\"{&quot;background_background&quot;:&quot;classic&quot;}\">\n\t\t\t\t\t<div class=\"e-con-inner\">\n\t\t\t\t<div class=\"elementor-element elementor-element-24d9a79 elementor-widget elementor-widget-page-title\" data-id=\"24d9a79\" data-element_type=\"widget\" data-e-type=\"widget\" data-settings=\"{&quot;align&quot;:&quot;center&quot;}\" data-widget_type=\"page-title.default\">\n\t\t\t\t<div class=\"elementor-widget-container\">\n\t\t\t\t\t\t\t\n\t\t<div class=\"hfe-page-title hfe-page-title-wrapper elementor-widget-heading\">\n\n\t\t\t\t\t\t\t\t\t\t\t<a href=\"https:\/\/qntocigars.de\/de\">\n\t\t\t\t\t\t<h2 class=\"elementor-heading-title elementor-size-default\">\n\t\t\t\t\t\t\t\t\n\t\t\t\tR\u00fcckerstattung und R\u00fcckgabe  \n\t\t\t<\/h2> \n\t\t\t\t\t\t\t\t\t<\/a>\n\t\t\t\t\t<\/div>\n\t\t\t\t\t\t<\/div>\n\t\t\t\t<\/div>\n\t\t\t\t\t<\/div>\n\t\t\t\t<\/div>\n\t\t<div class=\"elementor-element elementor-element-2eb24482 e-flex e-con-boxed e-con e-parent\" data-id=\"2eb24482\" data-element_type=\"container\" data-e-type=\"container\">\n\t\t\t\t\t<div class=\"e-con-inner\">\n\t\t\t\t<div class=\"elementor-element elementor-element-6c81cfc7 elementor-widget elementor-widget-text-editor\" data-id=\"6c81cfc7\" data-element_type=\"widget\" data-e-type=\"widget\" data-widget_type=\"text-editor.default\">\n\t\t\t\t<div class=\"elementor-widget-container\">\n\t\t\t\t\t\t\t\t\tWiderrufsrecht f\u00fcr Verbraucher\n<br><br>\n(Ein \"Verbraucher\" ist jede nat\u00fcrliche Person, die ein Rechtsgesch\u00e4ft abschlie\u00dft, das \u00fcberwiegend weder ihrer gewerblichen noch ihrer selbst\u00e4ndigen beruflichen T\u00e4tigkeit zugerechnet werden kann).\n<br><br>\nAnleitung zum Widerruf\n<br><br>\nWiderrufsrecht f\u00fcr Verbraucher\n<br><br>\nSie haben das Recht, binnen vierzehn Tagen ohne Angabe von Gr\u00fcnden diesen Vertrag zu widerrufen. Die Widerrufsfrist betr\u00e4gt vierzehn Tage ab dem Tag, an dem der Widerruf wirksam wird,\n<br><br>\n- an dem Sie oder ein von Ihnen benannter Dritter, der nicht der Bef\u00f6rderer ist, die Produkte in Besitz genommen haben, sofern Sie ein oder mehrere Produkte im Rahmen einer Standardbestellung bestellt haben und dieses\/diese Produkt\/e einheitlich geliefert wird\/werden;\n<br><br>\n- an dem Sie oder ein von Ihnen benannter Dritter, der nicht der Bef\u00f6rderer ist, die Produkte in Besitz genommen haben, sofern Sie ein oder mehrere Produkte im Rahmen einer Standardbestellung bestellt haben und dieses\/diese Produkt\/e einheitlich geliefert wird\/werden;\n<br><br>\n- an dem Sie oder ein von Ihnen benannter Dritter, der nicht der Bef\u00f6rderer ist, die Produkte in Besitz genommen haben, sofern Sie ein oder mehrere Produkte im Rahmen einer Standardbestellung bestellt haben und dieses\/diese Produkt\/e einheitlich geliefert wird\/werden;\n<br><br>\nUm Ihr Widerrufsrecht auszu\u00fcben, m\u00fcssen Sie uns (Qunto Cigars GmbH, Liesegangstr. 24, 40211 D\u00fcsseldorf, Telefonnummer: 00491723964441, E-Mail Adresse: info@quntocigars.com) mittels einer eindeutigen Erkl\u00e4rung (z.B. ein mit der Post versandter Brief, Telefax oder E-Mail) \u00fcber Ihren Entschluss, diesen Vertrag zu widerrufen, informieren. Sie k\u00f6nnen daf\u00fcr das beigef\u00fcgte Muster-Widerrufsformular verwenden, das jedoch nicht vorgeschrieben ist.\n<br><br>\nZur Wahrung der Widerrufsfrist reicht es aus, dass Sie die Mitteilung \u00fcber die Aus\u00fcbung des Widerrufsrechts vor Ablauf der Widerrufsfrist absenden.\n<br><br>\nFolgen des Widerrufs\n<br><br>\nWenn Sie diesen Vertrag widerrufen, haben wir Ihnen alle Zahlungen, die wir von Ihnen erhalten haben, einschlie\u00dflich der Lieferkosten (mit Ausnahme der zus\u00e4tzlichen Kosten, die sich daraus ergeben, dass Sie eine andere Art der Lieferung als die von uns angebotene, g\u00fcnstigste Standardlieferung gew\u00e4hlt haben), unverz\u00fcglich und sp\u00e4testens binnen vierzehn Tagen ab dem Tag zur\u00fcckzuzahlen, an dem die Mitteilung \u00fcber Ihren Widerruf dieses Vertrags bei uns eingegangen ist. F\u00fcr diese R\u00fcckzahlung verwenden wir dasselbe Zahlungsmittel, das Sie bei der urspr\u00fcnglichen Transaktion eingesetzt haben, es sei denn, mit Ihnen wurde ausdr\u00fccklich etwas anderes vereinbart; in keinem Fall werden Ihnen wegen dieser R\u00fcckzahlung Entgelte berechnet.\n<br><br>\nWir k\u00f6nnen die R\u00fcckzahlung verweigern, bis wir die Waren wieder zur\u00fcckerhalten haben oder bis Sie den Nachweis erbracht haben, dass Sie die Waren an uns zur\u00fcckgesandt haben, je nachdem, welches der fr\u00fchere Zeitpunkt ist.\n<br><br>\nSie haben die Waren unverz\u00fcglich und in jedem Fall sp\u00e4testens binnen vierzehn Tagen ab dem Tag, an dem Sie uns \u00fcber den Widerruf dieses Vertrags unterrichten, an uns zur\u00fcckzusenden oder zu \u00fcbergeben. Die Frist ist gewahrt, wenn Sie die Waren vor Ablauf der Frist von vierzehn Tagen absenden.\n<br><br>\nWir tragen die Kosten der R\u00fccksendung der Waren.\n<br><br>\nSie m\u00fcssen f\u00fcr einen etwaigen Wertverlust der Waren nur aufkommen, wenn dieser Wertverlust auf einen zur Pr\u00fcfung der Beschaffenheit, Eigenschaften und Funktionsweise der Waren nicht notwendigen Umgang mit ihnen zur\u00fcckzuf\u00fchren ist.\n<br><br>\nKriterien f\u00fcr den Ausschluss oder das Erl\u00f6schen\n<br><br>\nDas Widerrufsrecht besteht nicht bei Vertr\u00e4gen\n<br><br>\nfor delivery of products, which are not prefabricated and for whose manufacturing an individual selection or stipulation by the consumer is important or which are clearly tailored to the personal requirements of the consumer;\nfor delivery of products, which can spoil quickly or whose use-by date would be exceeded quickly;\n<br><br>\nfor delivery of alcoholic drinks, whose price was agreed at the time of concluding the contract, which however can be delivered 30 days after the conclusion of the contract at the earliest and whose current value depends on the fluctuations in the market, on which the entrepreneur has no influence;\nfor delivery of newspapers, periodicals or magazines with the exception of subscription contracts.\n<br><br>\nDas Widerrufsrecht erlischt vorzeitig bei Vertr\u00e4gen, die\n<br><br>\nfor delivery of sealed products, which are not suitable for return for reasons of health protection or hygiene if their seal has been removed after the delivery;\nfor delivery of products if they have been mixed inseparably with other goods after the delivery, owing to their condition;\n<br><br>\nf\u00fcr die Lieferung von Ton- oder Videoaufnahmen oder Computersoftware in einer versiegelten Verpackung, wenn die Versiegelung nach der Lieferung entfernt wurde.\n<br><br>\n_________________________________________________________________________________\n<br><br>\nMuster-Widerrufsformular\n<br><br>\n(If you wish to revoke the contract, please fill up this form and send it back to us.)\n\u2013 To Qunto Cigars GmbH, Liesegangstr. 24, 40211 D\u00fcsseldorf, Email address: info@quntocigars.com :\n<br><br>\n- Hiermit widerrufe(n) ich\/wir (*) den von mir\/uns (*) abgeschlossenen Vertrag \u00fcber den Kauf der folgenden Waren (*)\/\n<br><br>\ndie Erbringung der folgenden Dienstleistung (*) - Bestellt am (*)\/ erhalten am (*)\n<br><br>\n\u2013 Name of the consumer(s)\n\u2013 Address of the consumer(s)\n\u2013 Signature of the consumer(s) (only in case of a notification on paper)\n<br><br>\n\u2013 Date\n(*) Cross out the incorrect option.\n<br><br>\n\u00a9 Copyright. QNTO Zigarren. 2024.\t\t\t\t\t\t\t\t<\/div>\n\t\t\t\t<\/div>\n\t\t\t\t\t<\/div>\n\t\t\t\t<\/div>\n\t\t\t\t<\/div>","protected":false},"excerpt":{"rendered":"<p>Refund and Returns Policy Revocation right for consumers (A \u2018consumer\u2019 is any natural person who concludes a legal transaction which, to an overwhelming extent, cannot be attributed to either his commercial or independent professional activities.) Instructions for revocation Revocation right You have the right to revoke this contract within fourteen days without specifying any reasons. [&hellip;]<\/p>\n","protected":false},"author":1,"featured_media":0,"parent":0,"menu_order":0,"comment_status":"closed","ping_status":"closed","template":"","meta":{"footnotes":""},"class_list":["post-14","page","type-page","status-publish","hentry"],"yoast_head":"<!-- This site is optimized with the Yoast SEO plugin v27.5 - https:\/\/yoast.com\/product\/yoast-seo-wordpress\/ -->\n<title>Refund and Returns Policy - QNTO<\/title>\n<meta name=\"robots\" content=\"index, follow, max-snippet:-1, max-image-preview:large, max-video-preview:-1\" \/>\n<link rel=\"canonical\" href=\"https:\/\/qntocigars.de\/de\/refund_returns\/\" \/>\n<meta property=\"og:locale\" content=\"de_DE\" \/>\n<meta property=\"og:type\" content=\"article\" \/>\n<meta property=\"og:title\" content=\"Refund and Returns Policy - QNTO\" \/>\n<meta property=\"og:description\" content=\"Refund and Returns Policy Revocation right for consumers (A \u2018consumer\u2019 is any natural person who concludes a legal transaction which, to an overwhelming extent, cannot be attributed to either his commercial or independent professional activities.) Instructions for revocation Revocation right You have the right to revoke this contract within fourteen days without specifying any reasons. [&hellip;]\" \/>\n<meta property=\"og:url\" content=\"https:\/\/qntocigars.de\/de\/refund_returns\/\" \/>\n<meta property=\"og:site_name\" content=\"QNTO\" \/>\n<meta property=\"article:publisher\" content=\"https:\/\/www.facebook.com\/TheQuntoCigars\/\" \/>\n<meta property=\"article:modified_time\" content=\"2024-02-12T13:19:40+00:00\" \/>\n<meta property=\"og:image\" content=\"https:\/\/qntocigars.de\/wp-content\/uploads\/2024\/01\/IMG_0601a-copy.webp\" \/>\n\t<meta property=\"og:image:width\" content=\"1000\" \/>\n\t<meta property=\"og:image:height\" content=\"1250\" \/>\n\t<meta property=\"og:image:type\" content=\"image\/webp\" \/>\n<meta name=\"twitter:card\" content=\"summary_large_image\" \/>\n<meta name=\"twitter:label1\" content=\"Gesch\u00e4tzte Lesezeit\" \/>\n\t<meta name=\"twitter:data1\" content=\"4\u00a0Minuten\" \/>\n<script type=\"application\/ld+json\" class=\"yoast-schema-graph\">{\"@context\":\"https:\\\/\\\/schema.org\",\"@graph\":[{\"@type\":\"WebPage\",\"@id\":\"https:\\\/\\\/qntocigars.de\\\/refund_returns\\\/\",\"url\":\"https:\\\/\\\/qntocigars.de\\\/refund_returns\\\/\",\"name\":\"Refund and Returns Policy - QNTO\",\"isPartOf\":{\"@id\":\"https:\\\/\\\/qntocigars.de\\\/#website\"},\"datePublished\":\"2024-01-22T14:33:01+00:00\",\"dateModified\":\"2024-02-12T13:19:40+00:00\",\"breadcrumb\":{\"@id\":\"https:\\\/\\\/qntocigars.de\\\/refund_returns\\\/#breadcrumb\"},\"inLanguage\":\"de\",\"potentialAction\":[{\"@type\":\"ReadAction\",\"target\":[\"https:\\\/\\\/qntocigars.de\\\/refund_returns\\\/\"]}]},{\"@type\":\"BreadcrumbList\",\"@id\":\"https:\\\/\\\/qntocigars.de\\\/refund_returns\\\/#breadcrumb\",\"itemListElement\":[{\"@type\":\"ListItem\",\"position\":1,\"name\":\"Home\",\"item\":\"https:\\\/\\\/qntocigars.de\\\/\"},{\"@type\":\"ListItem\",\"position\":2,\"name\":\"Refund and Returns Policy\"}]},{\"@type\":\"WebSite\",\"@id\":\"https:\\\/\\\/qntocigars.de\\\/#website\",\"url\":\"https:\\\/\\\/qntocigars.de\\\/\",\"name\":\"QNTO\",\"description\":\"PREMIUM CIGARS\",\"publisher\":{\"@id\":\"https:\\\/\\\/qntocigars.de\\\/#organization\"},\"alternateName\":\"Qunto Cigars\",\"potentialAction\":[{\"@type\":\"SearchAction\",\"target\":{\"@type\":\"EntryPoint\",\"urlTemplate\":\"https:\\\/\\\/qntocigars.de\\\/?s={search_term_string}\"},\"query-input\":{\"@type\":\"PropertyValueSpecification\",\"valueRequired\":true,\"valueName\":\"search_term_string\"}}],\"inLanguage\":\"de\"},{\"@type\":\"Organization\",\"@id\":\"https:\\\/\\\/qntocigars.de\\\/#organization\",\"name\":\"QNTO\",\"url\":\"https:\\\/\\\/qntocigars.de\\\/\",\"logo\":{\"@type\":\"ImageObject\",\"inLanguage\":\"de\",\"@id\":\"https:\\\/\\\/qntocigars.de\\\/#\\\/schema\\\/logo\\\/image\\\/\",\"url\":\"https:\\\/\\\/qntocigars.de\\\/wp-content\\\/uploads\\\/2024\\\/02\\\/icon.svg\",\"contentUrl\":\"https:\\\/\\\/qntocigars.de\\\/wp-content\\\/uploads\\\/2024\\\/02\\\/icon.svg\",\"caption\":\"QNTO\"},\"image\":{\"@id\":\"https:\\\/\\\/qntocigars.de\\\/#\\\/schema\\\/logo\\\/image\\\/\"},\"sameAs\":[\"https:\\\/\\\/www.facebook.com\\\/TheQuntoCigars\\\/\",\"https:\\\/\\\/www.instagram.com\\\/qnto_cigars\\\/\"]}]}<\/script>\n<!-- \/ Yoast SEO plugin. -->","yoast_head_json":{"title":"Refund and Returns Policy - QNTO","robots":{"index":"index","follow":"follow","max-snippet":"max-snippet:-1","max-image-preview":"max-image-preview:large","max-video-preview":"max-video-preview:-1"},"canonical":"https:\/\/qntocigars.de\/de\/refund_returns\/","og_locale":"de_DE","og_type":"article","og_title":"Refund and Returns Policy - QNTO","og_description":"Refund and Returns Policy Revocation right for consumers (A \u2018consumer\u2019 is any natural person who concludes a legal transaction which, to an overwhelming extent, cannot be attributed to either his commercial or independent professional activities.) Instructions for revocation Revocation right You have the right to revoke this contract within fourteen days without specifying any reasons. [&hellip;]","og_url":"https:\/\/qntocigars.de\/de\/refund_returns\/","og_site_name":"QNTO","article_publisher":"https:\/\/www.facebook.com\/TheQuntoCigars\/","article_modified_time":"2024-02-12T13:19:40+00:00","og_image":[{"width":1000,"height":1250,"url":"https:\/\/qntocigars.de\/wp-content\/uploads\/2024\/01\/IMG_0601a-copy.webp","type":"image\/webp"}],"twitter_card":"summary_large_image","twitter_misc":{"Gesch\u00e4tzte Lesezeit":"4\u00a0Minuten"},"schema":{"@context":"https:\/\/schema.org","@graph":[{"@type":"WebPage","@id":"https:\/\/qntocigars.de\/refund_returns\/","url":"https:\/\/qntocigars.de\/refund_returns\/","name":"Refund and Returns Policy - QNTO","isPartOf":{"@id":"https:\/\/qntocigars.de\/#website"},"datePublished":"2024-01-22T14:33:01+00:00","dateModified":"2024-02-12T13:19:40+00:00","breadcrumb":{"@id":"https:\/\/qntocigars.de\/refund_returns\/#breadcrumb"},"inLanguage":"de","potentialAction":[{"@type":"ReadAction","target":["https:\/\/qntocigars.de\/refund_returns\/"]}]},{"@type":"BreadcrumbList","@id":"https:\/\/qntocigars.de\/refund_returns\/#breadcrumb","itemListElement":[{"@type":"ListItem","position":1,"name":"Home","item":"https:\/\/qntocigars.de\/"},{"@type":"ListItem","position":2,"name":"Refund and Returns Policy"}]},{"@type":"WebSite","@id":"https:\/\/qntocigars.de\/#website","url":"https:\/\/qntocigars.de\/","name":"QNTO","description":"PREMIUM CIGARS","publisher":{"@id":"https:\/\/qntocigars.de\/#organization"},"alternateName":"Qunto Cigars","potentialAction":[{"@type":"SearchAction","target":{"@type":"EntryPoint","urlTemplate":"https:\/\/qntocigars.de\/?s={search_term_string}"},"query-input":{"@type":"PropertyValueSpecification","valueRequired":true,"valueName":"search_term_string"}}],"inLanguage":"de"},{"@type":"Organization","@id":"https:\/\/qntocigars.de\/#organization","name":"QNTO","url":"https:\/\/qntocigars.de\/","logo":{"@type":"ImageObject","inLanguage":"de","@id":"https:\/\/qntocigars.de\/#\/schema\/logo\/image\/","url":"https:\/\/qntocigars.de\/wp-content\/uploads\/2024\/02\/icon.svg","contentUrl":"https:\/\/qntocigars.de\/wp-content\/uploads\/2024\/02\/icon.svg","caption":"QNTO"},"image":{"@id":"https:\/\/qntocigars.de\/#\/schema\/logo\/image\/"},"sameAs":["https:\/\/www.facebook.com\/TheQuntoCigars\/","https:\/\/www.instagram.com\/qnto_cigars\/"]}]}},"_links":{"self":[{"href":"https:\/\/qntocigars.de\/de\/wp-json\/wp\/v2\/pages\/14","targetHints":{"allow":["GET"]}}],"collection":[{"href":"https:\/\/qntocigars.de\/de\/wp-json\/wp\/v2\/pages"}],"about":[{"href":"https:\/\/qntocigars.de\/de\/wp-json\/wp\/v2\/types\/page"}],"author":[{"embeddable":true,"href":"https:\/\/qntocigars.de\/de\/wp-json\/wp\/v2\/users\/1"}],"replies":[{"embeddable":true,"href":"https:\/\/qntocigars.de\/de\/wp-json\/wp\/v2\/comments?post=14"}],"version-history":[{"count":25,"href":"https:\/\/qntocigars.de\/de\/wp-json\/wp\/v2\/pages\/14\/revisions"}],"predecessor-version":[{"id":35021,"href":"https:\/\/qntocigars.de\/de\/wp-json\/wp\/v2\/pages\/14\/revisions\/35021"}],"wp:attachment":[{"href":"https:\/\/qntocigars.de\/de\/wp-json\/wp\/v2\/media?parent=14"}],"curies":[{"name":"wp","href":"https:\/\/api.w.org\/{rel}","templated":true}]}}