{"id":34668,"date":"2024-01-31T15:16:04","date_gmt":"2024-01-31T15:16:04","guid":{"rendered":"https:\/\/qntocigars.de\/?page_id=34668"},"modified":"2024-02-12T13:19:41","modified_gmt":"2024-02-12T13:19:41","slug":"youth-protection-18","status":"publish","type":"page","link":"https:\/\/qntocigars.de\/de\/youth-protection-18\/","title":{"rendered":"Jugendschutz 18+"},"content":{"rendered":"<div data-elementor-type=\"wp-page\" data-elementor-id=\"34668\" class=\"elementor elementor-34668\" data-elementor-post-type=\"page\">\n\t\t\t\t<div class=\"elementor-element elementor-element-a5a0d26 e-flex e-con-boxed e-con e-parent\" data-id=\"a5a0d26\" data-element_type=\"container\" data-e-type=\"container\" data-settings=\"{&quot;background_background&quot;:&quot;classic&quot;}\">\n\t\t\t\t\t<div class=\"e-con-inner\">\n\t\t\t\t<div class=\"elementor-element elementor-element-24d9a79 elementor-widget elementor-widget-page-title\" data-id=\"24d9a79\" data-element_type=\"widget\" data-e-type=\"widget\" data-settings=\"{&quot;align&quot;:&quot;center&quot;}\" data-widget_type=\"page-title.default\">\n\t\t\t\t<div class=\"elementor-widget-container\">\n\t\t\t\t\t\t\t\n\t\t<div class=\"hfe-page-title hfe-page-title-wrapper elementor-widget-heading\">\n\n\t\t\t\t\t\t\t\t\t\t\t<a href=\"https:\/\/qntocigars.de\/de\">\n\t\t\t\t\t\t<h2 class=\"elementor-heading-title elementor-size-default\">\n\t\t\t\t\t\t\t\t\n\t\t\t\tJugendschutz 18+  \n\t\t\t<\/h2> \n\t\t\t\t\t\t\t\t\t<\/a>\n\t\t\t\t\t<\/div>\n\t\t\t\t\t\t<\/div>\n\t\t\t\t<\/div>\n\t\t\t\t\t<\/div>\n\t\t\t\t<\/div>\n\t\t<div class=\"elementor-element elementor-element-2eb24482 e-flex e-con-boxed e-con e-parent\" data-id=\"2eb24482\" data-element_type=\"container\" data-e-type=\"container\">\n\t\t\t\t\t<div class=\"e-con-inner\">\n\t\t\t\t<div class=\"elementor-element elementor-element-6c81cfc7 elementor-widget elementor-widget-text-editor\" data-id=\"6c81cfc7\" data-element_type=\"widget\" data-e-type=\"widget\" data-widget_type=\"text-editor.default\">\n\t\t\t\t<div class=\"elementor-widget-container\">\n\t\t\t\t\t\t\t\t\tSeit dem 1. April 2016 gelten \u00c4nderungen des Jugendschutzgesetzes, die u.a. den Online-Handel mit elektronischen Zigaretten, Shisha, Tabak, Zubeh\u00f6r und Liquids einschr\u00e4nken. Der Verkauf von Tabak ist ab dem 1. April 2016 nur noch an Personen \u00fcber 18 Jahren erlaubt.\n<br><br>\nGem\u00e4\u00df \u00a710 (3) des Jugendschutzgesetzes sind wir verpflichtet, eine zweistufige Verifizierung Ihres Alters im Bestellprozess sowie eine altersbezogene Sichtkontrolle bei der Paketauslieferung durchzuf\u00fchren.\n<br><br>\nNach der Bundestagsdrucksache 18\/6858 muss die Altersverifikation im Bestellprozess durch geeignete technische Mittel erfolgen, wie Pr\u00fcfroutinen zur Feststellung der Vollj\u00e4hrigkeit anhand der Personalausweisnummer (sog. Perso-Check) oder verifizierte Adressdaten (z.B. Schufa-Q-Bit-Check).\n<br><br>\nUm die Vollj\u00e4hrigkeit festzustellen, verwenden wir die folgenden Testroutinen:\n<br><br>\nAlter und neuer Personalausweis\neine Aufenthaltserlaubnis\nDeutscher Reisepass\n<br><br>\nBei dem verwendeten Altersverifizierungs-Plug-in handelt es sich um FRASPY von TOOLPIXX, das seit November 2015 auf dem Markt ist und von vielen anderen E-Zigaretten-H\u00e4ndlern verwendet wird. Speziell f\u00fcr die E-Zigaretten- und SHISHA-Branche entwickelt, erfreut sich FRASPY auch in anderen Branchen wie Alkohol, eSports und SexToys zunehmender Beliebtheit.\n<br><br>\nFRASPY steht f\u00fcr viele Shopsysteme wie z.B.: Shopware, JTL, Gambio, WooCommerce, Prestashop, Oxide, Magento, Modified Shop, XTCommerce, LightSpeed HQ, VersaCommerce, SUPR, Jimdo und viele mehr.\t\t\t\t\t\t\t\t<\/div>\n\t\t\t\t<\/div>\n\t\t\t\t\t<\/div>\n\t\t\t\t<\/div>\n\t\t\t\t<\/div>","protected":false},"excerpt":{"rendered":"<p>Youth Protection 18+ Since April 1, 2016, amendments to the Youth Protection Act apply, which i.a. restrict the online trade in electronic cigarettes, shisha, tobacco, accessories and liquids. The sale of tobacco as ofApril 1, 2016, is allowed only to persons older than 18 years. Pursuant to \u00a710 (3) of the Youth Protection Act, we [&hellip;]<\/p>\n","protected":false},"author":1,"featured_media":0,"parent":0,"menu_order":0,"comment_status":"closed","ping_status":"closed","template":"","meta":{"footnotes":""},"class_list":["post-34668","page","type-page","status-publish","hentry"],"yoast_head":"<!-- This site is optimized with the Yoast SEO plugin v27.5 - https:\/\/yoast.com\/product\/yoast-seo-wordpress\/ -->\n<title>Youth Protection 18+ - QNTO<\/title>\n<meta name=\"robots\" content=\"index, follow, max-snippet:-1, max-image-preview:large, max-video-preview:-1\" \/>\n<link rel=\"canonical\" href=\"https:\/\/qntocigars.de\/de\/youth-protection-18\/\" \/>\n<meta property=\"og:locale\" content=\"de_DE\" \/>\n<meta property=\"og:type\" content=\"article\" \/>\n<meta property=\"og:title\" content=\"Youth Protection 18+ - QNTO\" \/>\n<meta property=\"og:description\" content=\"Youth Protection 18+ Since April 1, 2016, amendments to the Youth Protection Act apply, which i.a. restrict the online trade in electronic cigarettes, shisha, tobacco, accessories and liquids. The sale of tobacco as ofApril 1, 2016, is allowed only to persons older than 18 years. Pursuant to \u00a710 (3) of the Youth Protection Act, we [&hellip;]\" \/>\n<meta property=\"og:url\" content=\"https:\/\/qntocigars.de\/de\/youth-protection-18\/\" \/>\n<meta property=\"og:site_name\" content=\"QNTO\" \/>\n<meta property=\"article:publisher\" content=\"https:\/\/www.facebook.com\/TheQuntoCigars\/\" \/>\n<meta property=\"article:modified_time\" content=\"2024-02-12T13:19:41+00:00\" \/>\n<meta property=\"og:image\" content=\"https:\/\/qntocigars.de\/wp-content\/uploads\/2024\/01\/IMG_0601a-copy.webp\" \/>\n\t<meta property=\"og:image:width\" content=\"1000\" \/>\n\t<meta property=\"og:image:height\" content=\"1250\" \/>\n\t<meta property=\"og:image:type\" content=\"image\/webp\" \/>\n<meta name=\"twitter:card\" content=\"summary_large_image\" \/>\n<meta name=\"twitter:label1\" content=\"Gesch\u00e4tzte Lesezeit\" \/>\n\t<meta name=\"twitter:data1\" content=\"1\u00a0Minute\" \/>\n<script type=\"application\/ld+json\" class=\"yoast-schema-graph\">{\"@context\":\"https:\\\/\\\/schema.org\",\"@graph\":[{\"@type\":\"WebPage\",\"@id\":\"https:\\\/\\\/qntocigars.de\\\/youth-protection-18\\\/\",\"url\":\"https:\\\/\\\/qntocigars.de\\\/youth-protection-18\\\/\",\"name\":\"Youth Protection 18+ - QNTO\",\"isPartOf\":{\"@id\":\"https:\\\/\\\/qntocigars.de\\\/#website\"},\"datePublished\":\"2024-01-31T15:16:04+00:00\",\"dateModified\":\"2024-02-12T13:19:41+00:00\",\"breadcrumb\":{\"@id\":\"https:\\\/\\\/qntocigars.de\\\/youth-protection-18\\\/#breadcrumb\"},\"inLanguage\":\"de\",\"potentialAction\":[{\"@type\":\"ReadAction\",\"target\":[\"https:\\\/\\\/qntocigars.de\\\/youth-protection-18\\\/\"]}]},{\"@type\":\"BreadcrumbList\",\"@id\":\"https:\\\/\\\/qntocigars.de\\\/youth-protection-18\\\/#breadcrumb\",\"itemListElement\":[{\"@type\":\"ListItem\",\"position\":1,\"name\":\"Home\",\"item\":\"https:\\\/\\\/qntocigars.de\\\/\"},{\"@type\":\"ListItem\",\"position\":2,\"name\":\"Youth Protection 18+\"}]},{\"@type\":\"WebSite\",\"@id\":\"https:\\\/\\\/qntocigars.de\\\/#website\",\"url\":\"https:\\\/\\\/qntocigars.de\\\/\",\"name\":\"QNTO\",\"description\":\"PREMIUM CIGARS\",\"publisher\":{\"@id\":\"https:\\\/\\\/qntocigars.de\\\/#organization\"},\"alternateName\":\"Qunto Cigars\",\"potentialAction\":[{\"@type\":\"SearchAction\",\"target\":{\"@type\":\"EntryPoint\",\"urlTemplate\":\"https:\\\/\\\/qntocigars.de\\\/?s={search_term_string}\"},\"query-input\":{\"@type\":\"PropertyValueSpecification\",\"valueRequired\":true,\"valueName\":\"search_term_string\"}}],\"inLanguage\":\"de\"},{\"@type\":\"Organization\",\"@id\":\"https:\\\/\\\/qntocigars.de\\\/#organization\",\"name\":\"QNTO\",\"url\":\"https:\\\/\\\/qntocigars.de\\\/\",\"logo\":{\"@type\":\"ImageObject\",\"inLanguage\":\"de\",\"@id\":\"https:\\\/\\\/qntocigars.de\\\/#\\\/schema\\\/logo\\\/image\\\/\",\"url\":\"https:\\\/\\\/qntocigars.de\\\/wp-content\\\/uploads\\\/2024\\\/02\\\/icon.svg\",\"contentUrl\":\"https:\\\/\\\/qntocigars.de\\\/wp-content\\\/uploads\\\/2024\\\/02\\\/icon.svg\",\"caption\":\"QNTO\"},\"image\":{\"@id\":\"https:\\\/\\\/qntocigars.de\\\/#\\\/schema\\\/logo\\\/image\\\/\"},\"sameAs\":[\"https:\\\/\\\/www.facebook.com\\\/TheQuntoCigars\\\/\",\"https:\\\/\\\/www.instagram.com\\\/qnto_cigars\\\/\"]}]}<\/script>\n<!-- \/ Yoast SEO plugin. -->","yoast_head_json":{"title":"Youth Protection 18+ - QNTO","robots":{"index":"index","follow":"follow","max-snippet":"max-snippet:-1","max-image-preview":"max-image-preview:large","max-video-preview":"max-video-preview:-1"},"canonical":"https:\/\/qntocigars.de\/de\/youth-protection-18\/","og_locale":"de_DE","og_type":"article","og_title":"Youth Protection 18+ - QNTO","og_description":"Youth Protection 18+ Since April 1, 2016, amendments to the Youth Protection Act apply, which i.a. restrict the online trade in electronic cigarettes, shisha, tobacco, accessories and liquids. The sale of tobacco as ofApril 1, 2016, is allowed only to persons older than 18 years. Pursuant to \u00a710 (3) of the Youth Protection Act, we [&hellip;]","og_url":"https:\/\/qntocigars.de\/de\/youth-protection-18\/","og_site_name":"QNTO","article_publisher":"https:\/\/www.facebook.com\/TheQuntoCigars\/","article_modified_time":"2024-02-12T13:19:41+00:00","og_image":[{"width":1000,"height":1250,"url":"https:\/\/qntocigars.de\/wp-content\/uploads\/2024\/01\/IMG_0601a-copy.webp","type":"image\/webp"}],"twitter_card":"summary_large_image","twitter_misc":{"Gesch\u00e4tzte Lesezeit":"1\u00a0Minute"},"schema":{"@context":"https:\/\/schema.org","@graph":[{"@type":"WebPage","@id":"https:\/\/qntocigars.de\/youth-protection-18\/","url":"https:\/\/qntocigars.de\/youth-protection-18\/","name":"Youth Protection 18+ - QNTO","isPartOf":{"@id":"https:\/\/qntocigars.de\/#website"},"datePublished":"2024-01-31T15:16:04+00:00","dateModified":"2024-02-12T13:19:41+00:00","breadcrumb":{"@id":"https:\/\/qntocigars.de\/youth-protection-18\/#breadcrumb"},"inLanguage":"de","potentialAction":[{"@type":"ReadAction","target":["https:\/\/qntocigars.de\/youth-protection-18\/"]}]},{"@type":"BreadcrumbList","@id":"https:\/\/qntocigars.de\/youth-protection-18\/#breadcrumb","itemListElement":[{"@type":"ListItem","position":1,"name":"Home","item":"https:\/\/qntocigars.de\/"},{"@type":"ListItem","position":2,"name":"Youth Protection 18+"}]},{"@type":"WebSite","@id":"https:\/\/qntocigars.de\/#website","url":"https:\/\/qntocigars.de\/","name":"QNTO","description":"PREMIUM CIGARS","publisher":{"@id":"https:\/\/qntocigars.de\/#organization"},"alternateName":"Qunto Cigars","potentialAction":[{"@type":"SearchAction","target":{"@type":"EntryPoint","urlTemplate":"https:\/\/qntocigars.de\/?s={search_term_string}"},"query-input":{"@type":"PropertyValueSpecification","valueRequired":true,"valueName":"search_term_string"}}],"inLanguage":"de"},{"@type":"Organization","@id":"https:\/\/qntocigars.de\/#organization","name":"QNTO","url":"https:\/\/qntocigars.de\/","logo":{"@type":"ImageObject","inLanguage":"de","@id":"https:\/\/qntocigars.de\/#\/schema\/logo\/image\/","url":"https:\/\/qntocigars.de\/wp-content\/uploads\/2024\/02\/icon.svg","contentUrl":"https:\/\/qntocigars.de\/wp-content\/uploads\/2024\/02\/icon.svg","caption":"QNTO"},"image":{"@id":"https:\/\/qntocigars.de\/#\/schema\/logo\/image\/"},"sameAs":["https:\/\/www.facebook.com\/TheQuntoCigars\/","https:\/\/www.instagram.com\/qnto_cigars\/"]}]}},"_links":{"self":[{"href":"https:\/\/qntocigars.de\/de\/wp-json\/wp\/v2\/pages\/34668","targetHints":{"allow":["GET"]}}],"collection":[{"href":"https:\/\/qntocigars.de\/de\/wp-json\/wp\/v2\/pages"}],"about":[{"href":"https:\/\/qntocigars.de\/de\/wp-json\/wp\/v2\/types\/page"}],"author":[{"embeddable":true,"href":"https:\/\/qntocigars.de\/de\/wp-json\/wp\/v2\/users\/1"}],"replies":[{"embeddable":true,"href":"https:\/\/qntocigars.de\/de\/wp-json\/wp\/v2\/comments?post=34668"}],"version-history":[{"count":10,"href":"https:\/\/qntocigars.de\/de\/wp-json\/wp\/v2\/pages\/34668\/revisions"}],"predecessor-version":[{"id":35028,"href":"https:\/\/qntocigars.de\/de\/wp-json\/wp\/v2\/pages\/34668\/revisions\/35028"}],"wp:attachment":[{"href":"https:\/\/qntocigars.de\/de\/wp-json\/wp\/v2\/media?parent=34668"}],"curies":[{"name":"wp","href":"https:\/\/api.w.org\/{rel}","templated":true}]}}