{"id":34678,"date":"2024-01-31T15:28:13","date_gmt":"2024-01-31T15:28:13","guid":{"rendered":"https:\/\/qntocigars.de\/?page_id=34678"},"modified":"2024-02-12T13:19:33","modified_gmt":"2024-02-12T13:19:33","slug":"about-us","status":"publish","type":"page","link":"https:\/\/qntocigars.de\/de\/about-us\/","title":{"rendered":"\u00dcber uns"},"content":{"rendered":"<div data-elementor-type=\"wp-page\" data-elementor-id=\"34678\" class=\"elementor elementor-34678\" data-elementor-post-type=\"page\">\n\t\t\t\t<div class=\"elementor-element elementor-element-43c8245 e-con-full e-flex e-con e-parent\" data-id=\"43c8245\" data-element_type=\"container\" data-e-type=\"container\" data-settings=\"{&quot;background_background&quot;:&quot;classic&quot;}\">\n\t\t\t\t<div class=\"elementor-element elementor-element-86555af elementor-widget elementor-widget-heading\" data-id=\"86555af\" data-element_type=\"widget\" data-e-type=\"widget\" data-widget_type=\"heading.default\">\n\t\t\t\t<div class=\"elementor-widget-container\">\n\t\t\t\t\t<h1 class=\"elementor-heading-title elementor-size-default\">\u00dcber uns<\/h1>\t\t\t\t<\/div>\n\t\t\t\t<\/div>\n\t\t\t\t<\/div>\n\t\t<div class=\"elementor-element elementor-element-8a42d16 e-flex e-con-boxed e-con e-parent\" data-id=\"8a42d16\" data-element_type=\"container\" data-e-type=\"container\">\n\t\t\t\t\t<div class=\"e-con-inner\">\n\t\t<div class=\"elementor-element elementor-element-a815014 e-con-full e-flex e-con e-child\" data-id=\"a815014\" data-element_type=\"container\" data-e-type=\"container\">\n\t\t\t\t<div class=\"elementor-element elementor-element-834bb54 elementor-widget elementor-widget-heading\" data-id=\"834bb54\" data-element_type=\"widget\" data-e-type=\"widget\" data-widget_type=\"heading.default\">\n\t\t\t\t<div class=\"elementor-widget-container\">\n\t\t\t\t\t<h2 class=\"elementor-heading-title elementor-size-default\">Diese Zigarrenserie ist ein Projekt des Schauspielers Blerim Destani, eines Zigarrenliebhabers, der viel Zeit und Leidenschaft in die Entwicklung dieser Zigarren gesteckt hat. Er ist albanischer Abstammung und in Deutschland aufgewachsen. \n Obwohl er in Deutschland lebt, ist er sehr oft irgendwo auf der Welt unterwegs, sei es aus beruflichen oder privaten Gr\u00fcnden.<\/h2>\t\t\t\t<\/div>\n\t\t\t\t<\/div>\n\t\t\t\t<div class=\"elementor-element elementor-element-44a3ced elementor-widget elementor-widget-text-editor\" data-id=\"44a3ced\" data-element_type=\"widget\" data-e-type=\"widget\" data-widget_type=\"text-editor.default\">\n\t\t\t\t<div class=\"elementor-widget-container\">\n\t\t\t\t\t\t\t\t\t In den letzten 20 Jahren hat er in zahlreichen Filmen und Actionserien mitgewirkt, die ihm gro\u00dfen Ruhm eingebracht haben. Trotz seiner bescheidenen Art und seines bodenst\u00e4ndigen Charakters genie\u00dft er auf dem Balkan einen hohen Bekanntheitsgrad und wird sehr verehrt.\t\t\t\t\t\t\t\t<\/div>\n\t\t\t\t<\/div>\n\t\t\t\t<div class=\"elementor-element elementor-element-968e24a elementor-widget elementor-widget-image\" data-id=\"968e24a\" data-element_type=\"widget\" data-e-type=\"widget\" data-widget_type=\"image.default\">\n\t\t\t\t<div class=\"elementor-widget-container\">\n\t\t\t\t\t\t\t\t\t\t\t\t\t\t\t<img fetchpriority=\"high\" decoding=\"async\" width=\"1600\" height=\"818\" src=\"https:\/\/qntocigars.de\/wp-content\/uploads\/2024\/01\/about_us_header_image.jpg\" class=\"attachment-full size-full wp-image-34684\" alt=\"\" srcset=\"https:\/\/qntocigars.de\/wp-content\/uploads\/2024\/01\/about_us_header_image.jpg 1600w, https:\/\/qntocigars.de\/wp-content\/uploads\/2024\/01\/about_us_header_image-600x307.jpg 600w, https:\/\/qntocigars.de\/wp-content\/uploads\/2024\/01\/about_us_header_image-300x153.jpg 300w, https:\/\/qntocigars.de\/wp-content\/uploads\/2024\/01\/about_us_header_image-1024x524.jpg 1024w, https:\/\/qntocigars.de\/wp-content\/uploads\/2024\/01\/about_us_header_image-768x393.jpg 768w, https:\/\/qntocigars.de\/wp-content\/uploads\/2024\/01\/about_us_header_image-1536x785.jpg 1536w\" sizes=\"(max-width: 1600px) 100vw, 1600px\" \/>\t\t\t\t\t\t\t\t\t\t\t\t\t\t\t<\/div>\n\t\t\t\t<\/div>\n\t\t\t\t<\/div>\n\t\t<div class=\"elementor-element elementor-element-358dc7c e-con-full e-flex e-con e-child\" data-id=\"358dc7c\" data-element_type=\"container\" data-e-type=\"container\">\n\t\t\t\t<div class=\"elementor-element elementor-element-a42d8a0 elementor-widget elementor-widget-image\" data-id=\"a42d8a0\" data-element_type=\"widget\" data-e-type=\"widget\" data-widget_type=\"image.default\">\n\t\t\t\t<div class=\"elementor-widget-container\">\n\t\t\t\t\t\t\t\t\t\t\t\t\t\t\t<img decoding=\"async\" width=\"1280\" height=\"1628\" src=\"https:\/\/qntocigars.de\/wp-content\/uploads\/2024\/01\/blerim.webp\" class=\"attachment-full size-full wp-image-34716\" alt=\"\" srcset=\"https:\/\/qntocigars.de\/wp-content\/uploads\/2024\/01\/blerim.webp 1280w, https:\/\/qntocigars.de\/wp-content\/uploads\/2024\/01\/blerim-600x763.webp 600w, https:\/\/qntocigars.de\/wp-content\/uploads\/2024\/01\/blerim-236x300.webp 236w, https:\/\/qntocigars.de\/wp-content\/uploads\/2024\/01\/blerim-805x1024.webp 805w, https:\/\/qntocigars.de\/wp-content\/uploads\/2024\/01\/blerim-768x977.webp 768w, https:\/\/qntocigars.de\/wp-content\/uploads\/2024\/01\/blerim-1208x1536.webp 1208w\" sizes=\"(max-width: 1280px) 100vw, 1280px\" \/>\t\t\t\t\t\t\t\t\t\t\t\t\t\t\t<\/div>\n\t\t\t\t<\/div>\n\t\t\t\t<div class=\"elementor-element elementor-element-98d0c61 elementor-widget elementor-widget-text-editor\" data-id=\"98d0c61\" data-element_type=\"widget\" data-e-type=\"widget\" data-widget_type=\"text-editor.default\">\n\t\t\t\t<div class=\"elementor-widget-container\">\n\t\t\t\t\t\t\t\t\tUnter anderem k\u00f6nnen wir ihn in einem Film sehen, der 2018 mit John Travolta und Morgan Freeman gedreht wurde.\t\t\t\t\t\t\t\t<\/div>\n\t\t\t\t<\/div>\n\t\t\t\t<div class=\"elementor-element elementor-element-1910a04 elementor-widget elementor-widget-text-editor\" data-id=\"1910a04\" data-element_type=\"widget\" data-e-type=\"widget\" data-widget_type=\"text-editor.default\">\n\t\t\t\t<div class=\"elementor-widget-container\">\n\t\t\t\t\t\t\t\t\tDer Begriff \"Qunto\" hat in seiner Familie eine sehr positive Konnotation. Sein Gro\u00dfvater zum Beispiel h\u00e4tte dieses Attribut verwendet, wenn er ausdr\u00fccken wollte, dass jemand eine gro\u00dfe Zukunft vor sich hat, sich gro\u00dfartig entwickeln wird, und ganz allgemein, wenn jemand dazu bestimmt zu sein scheint, etwas Gro\u00dfes zu werden. Ausgesprochen wird es \u00fcbrigens \"Dschunto\", falls jemand fragen sollte, wie man diesen optischen Zungenbrecher aussprechen soll!\t\t\t\t\t\t\t\t<\/div>\n\t\t\t\t<\/div>\n\t\t\t\t<div class=\"elementor-element elementor-element-a5ee6c4 elementor-widget elementor-widget-spacer\" data-id=\"a5ee6c4\" data-element_type=\"widget\" data-e-type=\"widget\" data-widget_type=\"spacer.default\">\n\t\t\t\t<div class=\"elementor-widget-container\">\n\t\t\t\t\t\t\t<div class=\"elementor-spacer\">\n\t\t\t<div class=\"elementor-spacer-inner\"><\/div>\n\t\t<\/div>\n\t\t\t\t\t\t<\/div>\n\t\t\t\t<\/div>\n\t\t\t\t<\/div>\n\t\t\t\t\t<\/div>\n\t\t\t\t<\/div>\n\t\t<div class=\"elementor-element elementor-element-987cf24 e-flex e-con-boxed e-con e-parent\" data-id=\"987cf24\" data-element_type=\"container\" data-e-type=\"container\">\n\t\t\t\t\t<div class=\"e-con-inner\">\n\t\t<div class=\"elementor-element elementor-element-db22cfc e-con-full e-flex e-con e-child\" data-id=\"db22cfc\" data-element_type=\"container\" data-e-type=\"container\">\n\t\t\t\t<div class=\"elementor-element elementor-element-9aee6db premium-header-block premium-header-inline premium-lq__none premium-box-lq__none elementor-widget elementor-widget-premium-addon-dual-header\" data-id=\"9aee6db\" data-element_type=\"widget\" data-e-type=\"widget\" data-widget_type=\"premium-addon-dual-header.default\">\n\t\t\t\t\t\n\t\t<div class=\"elementor-widget-container\">\n\t\t<div class=\"premium-dual-header-wrapper\">\n\t\t\t\t\t<h2 class=\"premium-dual-header-first-header\"><span class=\"premium-dual-header-first-span\">Der Begriff <\/span><span class=\"premium-dual-header-second-header\"> \u201cQunto\u201d<\/span><\/h2> \t\t\t\t\t\t<\/div>\n\t\t<\/div>\n\n\t\t\t\t\t\t<\/div>\n\t\t\t\t<div class=\"elementor-element elementor-element-5c021e3 elementor-widget elementor-widget-heading\" data-id=\"5c021e3\" data-element_type=\"widget\" data-e-type=\"widget\" data-widget_type=\"heading.default\">\n\t\t\t\t<div class=\"elementor-widget-container\">\n\t\t\t\t\t<p class=\"elementor-heading-title elementor-size-default\">Der Begriff \"Qunto\" hat in seiner Familie eine sehr positive Konnotation. Sein Gro\u00dfvater zum Beispiel h\u00e4tte dieses Attribut verwendet, wenn er ausdr\u00fccken wollte, dass jemand eine gro\u00dfe Zukunft vor sich hat, sich gro\u00dfartig entwickeln wird, und ganz allgemein, wenn jemand dazu bestimmt zu sein scheint, etwas Gro\u00dfes zu werden. Ausgesprochen wird es \u00fcbrigens \"Dschunto\", falls jemand fragen sollte, wie man diesen optischen Zungenbrecher aussprechen soll!<\/p>\t\t\t\t<\/div>\n\t\t\t\t<\/div>\n\t\t\t\t<\/div>\n\t\t\t\t\t<\/div>\n\t\t\t\t<\/div>\n\t\t<div class=\"elementor-element elementor-element-5d71cf2 e-flex e-con-boxed e-con e-parent\" data-id=\"5d71cf2\" data-element_type=\"container\" data-e-type=\"container\" data-settings=\"{&quot;background_background&quot;:&quot;classic&quot;}\">\n\t\t\t\t\t<div class=\"e-con-inner\">\n\t\t<div class=\"elementor-element elementor-element-2811422 e-con-full e-flex e-con e-child\" data-id=\"2811422\" data-element_type=\"container\" data-e-type=\"container\">\n\t\t<div class=\"elementor-element elementor-element-4f23b47 e-con-full e-flex e-con e-child\" data-id=\"4f23b47\" data-element_type=\"container\" data-e-type=\"container\">\n\t\t<div class=\"elementor-element elementor-element-2f65f29 e-con-full e-flex e-con e-child\" data-id=\"2f65f29\" data-element_type=\"container\" data-e-type=\"container\" data-settings=\"{&quot;background_background&quot;:&quot;classic&quot;}\">\n\t\t\t\t<div class=\"elementor-element elementor-element-f34b0f2 elementor-widget elementor-widget-spacer\" data-id=\"f34b0f2\" data-element_type=\"widget\" data-e-type=\"widget\" data-widget_type=\"spacer.default\">\n\t\t\t\t<div class=\"elementor-widget-container\">\n\t\t\t\t\t\t\t<div class=\"elementor-spacer\">\n\t\t\t<div class=\"elementor-spacer-inner\"><\/div>\n\t\t<\/div>\n\t\t\t\t\t\t<\/div>\n\t\t\t\t<\/div>\n\t\t\t\t<\/div>\n\t\t<div class=\"elementor-element elementor-element-14955b9 e-con-full e-flex e-con e-child\" data-id=\"14955b9\" data-element_type=\"container\" data-e-type=\"container\">\n\t\t\t\t<div class=\"elementor-element elementor-element-a853aa9 elementor-hidden-desktop elementor-hidden-tablet elementor-widget elementor-widget-spacer\" data-id=\"a853aa9\" data-element_type=\"widget\" data-e-type=\"widget\" data-widget_type=\"spacer.default\">\n\t\t\t\t<div class=\"elementor-widget-container\">\n\t\t\t\t\t\t\t<div class=\"elementor-spacer\">\n\t\t\t<div class=\"elementor-spacer-inner\"><\/div>\n\t\t<\/div>\n\t\t\t\t\t\t<\/div>\n\t\t\t\t<\/div>\n\t\t\t\t<div class=\"elementor-element elementor-element-b454ce1 elementor-widget elementor-widget-heading\" data-id=\"b454ce1\" data-element_type=\"widget\" data-e-type=\"widget\" data-widget_type=\"heading.default\">\n\t\t\t\t<div class=\"elementor-widget-container\">\n\t\t\t\t\t<h2 class=\"elementor-heading-title elementor-size-default\">Die Zigarren werden in der kleinen und feinen Boutique-Zigarrenmanufaktur Vegas Santiago in Costa Rica hergestellt.<\/h2>\t\t\t\t<\/div>\n\t\t\t\t<\/div>\n\t\t\t\t<div class=\"elementor-element elementor-element-f48877d elementor-widget elementor-widget-spacer\" data-id=\"f48877d\" data-element_type=\"widget\" data-e-type=\"widget\" data-widget_type=\"spacer.default\">\n\t\t\t\t<div class=\"elementor-widget-container\">\n\t\t\t\t\t\t\t<div class=\"elementor-spacer\">\n\t\t\t<div class=\"elementor-spacer-inner\"><\/div>\n\t\t<\/div>\n\t\t\t\t\t\t<\/div>\n\t\t\t\t<\/div>\n\t\t\t\t<\/div>\n\t\t\t\t<\/div>\n\t\t\t\t<\/div>\n\t\t\t\t\t<\/div>\n\t\t\t\t<\/div>\n\t\t<div class=\"elementor-element elementor-element-8d278f9 e-flex e-con-boxed e-con e-parent\" data-id=\"8d278f9\" data-element_type=\"container\" data-e-type=\"container\">\n\t\t\t\t\t<div class=\"e-con-inner\">\n\t\t<div class=\"elementor-element elementor-element-b2fcc27 e-con-full e-flex e-con e-child\" data-id=\"b2fcc27\" data-element_type=\"container\" data-e-type=\"container\" data-settings=\"{&quot;background_background&quot;:&quot;classic&quot;}\">\n\t\t\t\t<div class=\"elementor-element elementor-element-e343e5b elementor-widget elementor-widget-heading\" data-id=\"e343e5b\" data-element_type=\"widget\" data-e-type=\"widget\" data-widget_type=\"heading.default\">\n\t\t\t\t<div class=\"elementor-widget-container\">\n\t\t\t\t\t<h2 class=\"elementor-heading-title elementor-size-default\">Der harmonische Mix<\/h2>\t\t\t\t<\/div>\n\t\t\t\t<\/div>\n\t\t\t\t<div class=\"elementor-element elementor-element-415f616 elementor-widget elementor-widget-text-editor\" data-id=\"415f616\" data-element_type=\"widget\" data-e-type=\"widget\" data-widget_type=\"text-editor.default\">\n\t\t\t\t<div class=\"elementor-widget-container\">\n\t\t\t\t\t\t\t\t\t<p>die diese Zigarren verk\u00f6rpern, macht die harte Arbeit, die ihre Herstellung erfordert, zu einer lohnenswerten Reise und zu einer umso wertvolleren Sache.<\/p>\t\t\t\t\t\t\t\t<\/div>\n\t\t\t\t<\/div>\n\t\t\t\t<\/div>\n\t\t<div class=\"elementor-element elementor-element-abd5d1a e-con-full e-flex e-con e-child\" data-id=\"abd5d1a\" data-element_type=\"container\" data-e-type=\"container\">\n\t\t\t\t<div class=\"elementor-element elementor-element-99e7af7 elementor-widget elementor-widget-heading\" data-id=\"99e7af7\" data-element_type=\"widget\" data-e-type=\"widget\" data-widget_type=\"heading.default\">\n\t\t\t\t<div class=\"elementor-widget-container\">\n\t\t\t\t\t<h2 class=\"elementor-heading-title elementor-size-default\">Das Deckblatt ist ein vollgl\u00e4nzendes H-2000 aus Ecuador. Als Umblatt w\u00e4hlte Blerim ebenfalls ein Blatt aus diesem s\u00fcdamerikanischen Land, w\u00e4hrend der Inhalt eine aromatische Mischung aus dominikanischen und peruanischen Tabaken ist, verfeinert mit etwas Costa<\/h2>\t\t\t\t<\/div>\n\t\t\t\t<\/div>\n\t\t\t\t<div class=\"elementor-element elementor-element-30d0d4e elementor-hidden-tablet elementor-hidden-mobile elementor-widget elementor-widget-spacer\" data-id=\"30d0d4e\" data-element_type=\"widget\" data-e-type=\"widget\" data-widget_type=\"spacer.default\">\n\t\t\t\t<div class=\"elementor-widget-container\">\n\t\t\t\t\t\t\t<div class=\"elementor-spacer\">\n\t\t\t<div class=\"elementor-spacer-inner\"><\/div>\n\t\t<\/div>\n\t\t\t\t\t\t<\/div>\n\t\t\t\t<\/div>\n\t\t\t\t<\/div>\n\t\t<div class=\"elementor-element elementor-element-de53101 e-con-full e-flex e-con e-child\" data-id=\"de53101\" data-element_type=\"container\" data-e-type=\"container\" data-settings=\"{&quot;background_background&quot;:&quot;classic&quot;}\">\n\t\t\t\t<\/div>\n\t\t\t\t\t<\/div>\n\t\t\t\t<\/div>\n\t\t<div class=\"elementor-element elementor-element-a5cb556 e-flex e-con-boxed e-con e-parent\" data-id=\"a5cb556\" data-element_type=\"container\" data-e-type=\"container\" data-settings=\"{&quot;background_background&quot;:&quot;classic&quot;}\">\n\t\t\t\t\t<div class=\"e-con-inner\">\n\t\t<div class=\"elementor-element elementor-element-153dafe e-con-full e-flex e-con e-child\" data-id=\"153dafe\" data-element_type=\"container\" data-e-type=\"container\">\n\t\t\t\t<\/div>\n\t\t\t\t\t<\/div>\n\t\t\t\t<\/div>\n\t\t\t\t<\/div>","protected":false},"excerpt":{"rendered":"<p>About us This cigar series is a project of the actor Blerim Destani, a cigar aficionado who put a lot of time and passion in the development of these cigars. He is of Albanian descent and grew up in Germany. Although based in Germany he is very often somewhere around the world, traveling for work [&hellip;]<\/p>\n","protected":false},"author":1,"featured_media":0,"parent":0,"menu_order":0,"comment_status":"closed","ping_status":"closed","template":"","meta":{"footnotes":""},"class_list":["post-34678","page","type-page","status-publish","hentry"],"yoast_head":"<!-- This site is optimized with the Yoast SEO plugin v27.5 - https:\/\/yoast.com\/product\/yoast-seo-wordpress\/ -->\n<title>About Us - QNTO<\/title>\n<meta name=\"robots\" content=\"index, follow, max-snippet:-1, max-image-preview:large, max-video-preview:-1\" \/>\n<link rel=\"canonical\" href=\"https:\/\/qntocigars.de\/de\/about-us\/\" \/>\n<meta property=\"og:locale\" content=\"de_DE\" \/>\n<meta property=\"og:type\" content=\"article\" \/>\n<meta property=\"og:title\" content=\"About Us - QNTO\" \/>\n<meta property=\"og:description\" content=\"About us This cigar series is a project of the actor Blerim Destani, a cigar aficionado who put a lot of time and passion in the development of these cigars. He is of Albanian descent and grew up in Germany. Although based in Germany he is very often somewhere around the world, traveling for work [&hellip;]\" \/>\n<meta property=\"og:url\" content=\"https:\/\/qntocigars.de\/de\/about-us\/\" \/>\n<meta property=\"og:site_name\" content=\"QNTO\" \/>\n<meta property=\"article:publisher\" content=\"https:\/\/www.facebook.com\/TheQuntoCigars\/\" \/>\n<meta property=\"article:modified_time\" content=\"2024-02-12T13:19:33+00:00\" \/>\n<meta property=\"og:image\" content=\"https:\/\/qntocigars.de\/wp-content\/uploads\/2024\/01\/about_us_header_image.jpg\" \/>\n<meta name=\"twitter:card\" content=\"summary_large_image\" \/>\n<meta name=\"twitter:label1\" content=\"Gesch\u00e4tzte Lesezeit\" \/>\n\t<meta name=\"twitter:data1\" content=\"2\u00a0Minuten\" \/>\n<script type=\"application\/ld+json\" class=\"yoast-schema-graph\">{\"@context\":\"https:\\\/\\\/schema.org\",\"@graph\":[{\"@type\":\"WebPage\",\"@id\":\"https:\\\/\\\/qntocigars.de\\\/about-us\\\/\",\"url\":\"https:\\\/\\\/qntocigars.de\\\/about-us\\\/\",\"name\":\"About Us - QNTO\",\"isPartOf\":{\"@id\":\"https:\\\/\\\/qntocigars.de\\\/#website\"},\"primaryImageOfPage\":{\"@id\":\"https:\\\/\\\/qntocigars.de\\\/about-us\\\/#primaryimage\"},\"image\":{\"@id\":\"https:\\\/\\\/qntocigars.de\\\/about-us\\\/#primaryimage\"},\"thumbnailUrl\":\"https:\\\/\\\/qntocigars.de\\\/wp-content\\\/uploads\\\/2024\\\/01\\\/about_us_header_image.jpg\",\"datePublished\":\"2024-01-31T15:28:13+00:00\",\"dateModified\":\"2024-02-12T13:19:33+00:00\",\"breadcrumb\":{\"@id\":\"https:\\\/\\\/qntocigars.de\\\/about-us\\\/#breadcrumb\"},\"inLanguage\":\"de\",\"potentialAction\":[{\"@type\":\"ReadAction\",\"target\":[\"https:\\\/\\\/qntocigars.de\\\/about-us\\\/\"]}]},{\"@type\":\"ImageObject\",\"inLanguage\":\"de\",\"@id\":\"https:\\\/\\\/qntocigars.de\\\/about-us\\\/#primaryimage\",\"url\":\"https:\\\/\\\/qntocigars.de\\\/wp-content\\\/uploads\\\/2024\\\/01\\\/about_us_header_image.jpg\",\"contentUrl\":\"https:\\\/\\\/qntocigars.de\\\/wp-content\\\/uploads\\\/2024\\\/01\\\/about_us_header_image.jpg\"},{\"@type\":\"BreadcrumbList\",\"@id\":\"https:\\\/\\\/qntocigars.de\\\/about-us\\\/#breadcrumb\",\"itemListElement\":[{\"@type\":\"ListItem\",\"position\":1,\"name\":\"Home\",\"item\":\"https:\\\/\\\/qntocigars.de\\\/\"},{\"@type\":\"ListItem\",\"position\":2,\"name\":\"About Us\"}]},{\"@type\":\"WebSite\",\"@id\":\"https:\\\/\\\/qntocigars.de\\\/#website\",\"url\":\"https:\\\/\\\/qntocigars.de\\\/\",\"name\":\"QNTO\",\"description\":\"PREMIUM CIGARS\",\"publisher\":{\"@id\":\"https:\\\/\\\/qntocigars.de\\\/#organization\"},\"alternateName\":\"Qunto Cigars\",\"potentialAction\":[{\"@type\":\"SearchAction\",\"target\":{\"@type\":\"EntryPoint\",\"urlTemplate\":\"https:\\\/\\\/qntocigars.de\\\/?s={search_term_string}\"},\"query-input\":{\"@type\":\"PropertyValueSpecification\",\"valueRequired\":true,\"valueName\":\"search_term_string\"}}],\"inLanguage\":\"de\"},{\"@type\":\"Organization\",\"@id\":\"https:\\\/\\\/qntocigars.de\\\/#organization\",\"name\":\"QNTO\",\"url\":\"https:\\\/\\\/qntocigars.de\\\/\",\"logo\":{\"@type\":\"ImageObject\",\"inLanguage\":\"de\",\"@id\":\"https:\\\/\\\/qntocigars.de\\\/#\\\/schema\\\/logo\\\/image\\\/\",\"url\":\"https:\\\/\\\/qntocigars.de\\\/wp-content\\\/uploads\\\/2024\\\/02\\\/icon.svg\",\"contentUrl\":\"https:\\\/\\\/qntocigars.de\\\/wp-content\\\/uploads\\\/2024\\\/02\\\/icon.svg\",\"caption\":\"QNTO\"},\"image\":{\"@id\":\"https:\\\/\\\/qntocigars.de\\\/#\\\/schema\\\/logo\\\/image\\\/\"},\"sameAs\":[\"https:\\\/\\\/www.facebook.com\\\/TheQuntoCigars\\\/\",\"https:\\\/\\\/www.instagram.com\\\/qnto_cigars\\\/\"]}]}<\/script>\n<!-- \/ Yoast SEO plugin. -->","yoast_head_json":{"title":"About Us - QNTO","robots":{"index":"index","follow":"follow","max-snippet":"max-snippet:-1","max-image-preview":"max-image-preview:large","max-video-preview":"max-video-preview:-1"},"canonical":"https:\/\/qntocigars.de\/de\/about-us\/","og_locale":"de_DE","og_type":"article","og_title":"About Us - QNTO","og_description":"About us This cigar series is a project of the actor Blerim Destani, a cigar aficionado who put a lot of time and passion in the development of these cigars. He is of Albanian descent and grew up in Germany. Although based in Germany he is very often somewhere around the world, traveling for work [&hellip;]","og_url":"https:\/\/qntocigars.de\/de\/about-us\/","og_site_name":"QNTO","article_publisher":"https:\/\/www.facebook.com\/TheQuntoCigars\/","article_modified_time":"2024-02-12T13:19:33+00:00","og_image":[{"url":"https:\/\/qntocigars.de\/wp-content\/uploads\/2024\/01\/about_us_header_image.jpg","type":"","width":"","height":""}],"twitter_card":"summary_large_image","twitter_misc":{"Gesch\u00e4tzte Lesezeit":"2\u00a0Minuten"},"schema":{"@context":"https:\/\/schema.org","@graph":[{"@type":"WebPage","@id":"https:\/\/qntocigars.de\/about-us\/","url":"https:\/\/qntocigars.de\/about-us\/","name":"About Us - QNTO","isPartOf":{"@id":"https:\/\/qntocigars.de\/#website"},"primaryImageOfPage":{"@id":"https:\/\/qntocigars.de\/about-us\/#primaryimage"},"image":{"@id":"https:\/\/qntocigars.de\/about-us\/#primaryimage"},"thumbnailUrl":"https:\/\/qntocigars.de\/wp-content\/uploads\/2024\/01\/about_us_header_image.jpg","datePublished":"2024-01-31T15:28:13+00:00","dateModified":"2024-02-12T13:19:33+00:00","breadcrumb":{"@id":"https:\/\/qntocigars.de\/about-us\/#breadcrumb"},"inLanguage":"de","potentialAction":[{"@type":"ReadAction","target":["https:\/\/qntocigars.de\/about-us\/"]}]},{"@type":"ImageObject","inLanguage":"de","@id":"https:\/\/qntocigars.de\/about-us\/#primaryimage","url":"https:\/\/qntocigars.de\/wp-content\/uploads\/2024\/01\/about_us_header_image.jpg","contentUrl":"https:\/\/qntocigars.de\/wp-content\/uploads\/2024\/01\/about_us_header_image.jpg"},{"@type":"BreadcrumbList","@id":"https:\/\/qntocigars.de\/about-us\/#breadcrumb","itemListElement":[{"@type":"ListItem","position":1,"name":"Home","item":"https:\/\/qntocigars.de\/"},{"@type":"ListItem","position":2,"name":"About Us"}]},{"@type":"WebSite","@id":"https:\/\/qntocigars.de\/#website","url":"https:\/\/qntocigars.de\/","name":"QNTO","description":"PREMIUM CIGARS","publisher":{"@id":"https:\/\/qntocigars.de\/#organization"},"alternateName":"Qunto Cigars","potentialAction":[{"@type":"SearchAction","target":{"@type":"EntryPoint","urlTemplate":"https:\/\/qntocigars.de\/?s={search_term_string}"},"query-input":{"@type":"PropertyValueSpecification","valueRequired":true,"valueName":"search_term_string"}}],"inLanguage":"de"},{"@type":"Organization","@id":"https:\/\/qntocigars.de\/#organization","name":"QNTO","url":"https:\/\/qntocigars.de\/","logo":{"@type":"ImageObject","inLanguage":"de","@id":"https:\/\/qntocigars.de\/#\/schema\/logo\/image\/","url":"https:\/\/qntocigars.de\/wp-content\/uploads\/2024\/02\/icon.svg","contentUrl":"https:\/\/qntocigars.de\/wp-content\/uploads\/2024\/02\/icon.svg","caption":"QNTO"},"image":{"@id":"https:\/\/qntocigars.de\/#\/schema\/logo\/image\/"},"sameAs":["https:\/\/www.facebook.com\/TheQuntoCigars\/","https:\/\/www.instagram.com\/qnto_cigars\/"]}]}},"_links":{"self":[{"href":"https:\/\/qntocigars.de\/de\/wp-json\/wp\/v2\/pages\/34678","targetHints":{"allow":["GET"]}}],"collection":[{"href":"https:\/\/qntocigars.de\/de\/wp-json\/wp\/v2\/pages"}],"about":[{"href":"https:\/\/qntocigars.de\/de\/wp-json\/wp\/v2\/types\/page"}],"author":[{"embeddable":true,"href":"https:\/\/qntocigars.de\/de\/wp-json\/wp\/v2\/users\/1"}],"replies":[{"embeddable":true,"href":"https:\/\/qntocigars.de\/de\/wp-json\/wp\/v2\/comments?post=34678"}],"version-history":[{"count":58,"href":"https:\/\/qntocigars.de\/de\/wp-json\/wp\/v2\/pages\/34678\/revisions"}],"predecessor-version":[{"id":34953,"href":"https:\/\/qntocigars.de\/de\/wp-json\/wp\/v2\/pages\/34678\/revisions\/34953"}],"wp:attachment":[{"href":"https:\/\/qntocigars.de\/de\/wp-json\/wp\/v2\/media?parent=34678"}],"curies":[{"name":"wp","href":"https:\/\/api.w.org\/{rel}","templated":true}]}}