{"id":34876,"date":"2024-01-31T16:47:05","date_gmt":"2024-01-31T16:47:05","guid":{"rendered":"https:\/\/qntocigars.de\/?post_type=product&#038;p=34876"},"modified":"2025-05-02T11:54:41","modified_gmt":"2025-05-02T11:54:41","slug":"salmones","status":"publish","type":"product","link":"https:\/\/qntocigars.de\/de\/produkt\/salmones\/","title":{"rendered":"SALMONES"},"content":{"rendered":"<p>Die \"SALMONES\" von QUNTO CIGARS ist eine handgefertigte, 7,5\u00d758 | 18,69cm X 2,30cm gro\u00dfe Zigarre. Sie verf\u00fcgt \u00fcber ein ecuadorianisches Deckblatt und eine einzigartige Mischung aus Einlagen aus Costa Rica, der Dominikanischen Republik und Peru, die ein reichhaltiges, multiregionales Geschmacksprofil bieten. Diese Premium-Zigarre kombiniert Geschmeidigkeit, Tiefe und einen Hauch von exotischer W\u00fcrze und verk\u00f6rpert die Handwerkskunst von QUNTO CIGARS.<\/p>","protected":false},"excerpt":{"rendered":"<p>The &#8220;SALMONES&#8221; from QUNTO CIGARS is a 7,5\u00d758 | 18,69cm X 2,30cm handmade cigar with an Ecuadorian wrapper and a blend of tobaccos from Costa Rica, the Dominican Republic, and Peru, offering a rich, complex flavor.<\/p>","protected":false},"featured_media":34881,"template":"","meta":[],"product_brand":[],"product_cat":[15],"product_tag":[],"class_list":{"0":"post-34876","1":"product","2":"type-product","3":"status-publish","4":"has-post-thumbnail","6":"product_cat-uncategorized","8":"first","9":"outofstock","10":"sale","11":"shipping-taxable","12":"purchasable","13":"product-type-variable"},"yoast_head":"<!-- This site is optimized with the Yoast SEO plugin v27.5 - https:\/\/yoast.com\/product\/yoast-seo-wordpress\/ -->\n<title>SALMONES - QNTO<\/title>\n<meta name=\"robots\" content=\"index, follow, max-snippet:-1, max-image-preview:large, max-video-preview:-1\" \/>\n<link rel=\"canonical\" href=\"https:\/\/qntocigars.de\/de\/produkt\/salmones\/\" \/>\n<meta property=\"og:locale\" content=\"de_DE\" \/>\n<meta property=\"og:type\" content=\"article\" \/>\n<meta property=\"og:title\" content=\"SALMONES - QNTO\" \/>\n<meta property=\"og:description\" content=\"The &quot;SALMONES&quot; from QUNTO CIGARS is a 7,5\u00d758 | 18,69cm X 2,30cm handmade cigar with an Ecuadorian wrapper and a blend of tobaccos from Costa Rica, the Dominican Republic, and Peru, offering a rich, complex flavor.\" \/>\n<meta property=\"og:url\" content=\"https:\/\/qntocigars.de\/de\/produkt\/salmones\/\" \/>\n<meta property=\"og:site_name\" content=\"QNTO\" \/>\n<meta property=\"article:publisher\" content=\"https:\/\/www.facebook.com\/TheQuntoCigars\/\" \/>\n<meta property=\"article:modified_time\" content=\"2025-05-02T11:54:41+00:00\" \/>\n<meta property=\"og:image\" content=\"https:\/\/qntocigars.de\/wp-content\/uploads\/2024\/01\/IMG_0619x-copy.webp\" \/>\n\t<meta property=\"og:image:width\" content=\"1000\" \/>\n\t<meta property=\"og:image:height\" content=\"1250\" \/>\n\t<meta property=\"og:image:type\" content=\"image\/webp\" \/>\n<meta name=\"twitter:card\" content=\"summary_large_image\" \/>\n<meta name=\"twitter:label1\" content=\"Gesch\u00e4tzte Lesezeit\" \/>\n\t<meta name=\"twitter:data1\" content=\"1\u00a0Minute\" \/>\n<script type=\"application\/ld+json\" class=\"yoast-schema-graph\">{\"@context\":\"https:\\\/\\\/schema.org\",\"@graph\":[{\"@type\":\"WebPage\",\"@id\":\"https:\\\/\\\/qntocigars.de\\\/product\\\/salmones\\\/\",\"url\":\"https:\\\/\\\/qntocigars.de\\\/product\\\/salmones\\\/\",\"name\":\"SALMONES - QNTO\",\"isPartOf\":{\"@id\":\"https:\\\/\\\/qntocigars.de\\\/#website\"},\"primaryImageOfPage\":{\"@id\":\"https:\\\/\\\/qntocigars.de\\\/product\\\/salmones\\\/#primaryimage\"},\"image\":{\"@id\":\"https:\\\/\\\/qntocigars.de\\\/product\\\/salmones\\\/#primaryimage\"},\"thumbnailUrl\":\"https:\\\/\\\/qntocigars.de\\\/wp-content\\\/uploads\\\/2024\\\/01\\\/IMG_0619x-copy.webp\",\"datePublished\":\"2024-01-31T16:47:05+00:00\",\"dateModified\":\"2025-05-02T11:54:41+00:00\",\"breadcrumb\":{\"@id\":\"https:\\\/\\\/qntocigars.de\\\/product\\\/salmones\\\/#breadcrumb\"},\"inLanguage\":\"de\",\"potentialAction\":[{\"@type\":\"ReadAction\",\"target\":[\"https:\\\/\\\/qntocigars.de\\\/product\\\/salmones\\\/\"]}]},{\"@type\":\"ImageObject\",\"inLanguage\":\"de\",\"@id\":\"https:\\\/\\\/qntocigars.de\\\/product\\\/salmones\\\/#primaryimage\",\"url\":\"https:\\\/\\\/qntocigars.de\\\/wp-content\\\/uploads\\\/2024\\\/01\\\/IMG_0619x-copy.webp\",\"contentUrl\":\"https:\\\/\\\/qntocigars.de\\\/wp-content\\\/uploads\\\/2024\\\/01\\\/IMG_0619x-copy.webp\",\"width\":1000,\"height\":1250},{\"@type\":\"BreadcrumbList\",\"@id\":\"https:\\\/\\\/qntocigars.de\\\/product\\\/salmones\\\/#breadcrumb\",\"itemListElement\":[{\"@type\":\"ListItem\",\"position\":1,\"name\":\"Home\",\"item\":\"https:\\\/\\\/qntocigars.de\\\/\"},{\"@type\":\"ListItem\",\"position\":2,\"name\":\"Shop\",\"item\":\"https:\\\/\\\/qntocigars.de\\\/shop\\\/\"},{\"@type\":\"ListItem\",\"position\":3,\"name\":\"SALMONES\"}]},{\"@type\":\"WebSite\",\"@id\":\"https:\\\/\\\/qntocigars.de\\\/#website\",\"url\":\"https:\\\/\\\/qntocigars.de\\\/\",\"name\":\"QNTO\",\"description\":\"PREMIUM CIGARS\",\"publisher\":{\"@id\":\"https:\\\/\\\/qntocigars.de\\\/#organization\"},\"alternateName\":\"Qunto Cigars\",\"potentialAction\":[{\"@type\":\"SearchAction\",\"target\":{\"@type\":\"EntryPoint\",\"urlTemplate\":\"https:\\\/\\\/qntocigars.de\\\/?s={search_term_string}\"},\"query-input\":{\"@type\":\"PropertyValueSpecification\",\"valueRequired\":true,\"valueName\":\"search_term_string\"}}],\"inLanguage\":\"de\"},{\"@type\":\"Organization\",\"@id\":\"https:\\\/\\\/qntocigars.de\\\/#organization\",\"name\":\"QNTO\",\"url\":\"https:\\\/\\\/qntocigars.de\\\/\",\"logo\":{\"@type\":\"ImageObject\",\"inLanguage\":\"de\",\"@id\":\"https:\\\/\\\/qntocigars.de\\\/#\\\/schema\\\/logo\\\/image\\\/\",\"url\":\"https:\\\/\\\/qntocigars.de\\\/wp-content\\\/uploads\\\/2024\\\/02\\\/icon.svg\",\"contentUrl\":\"https:\\\/\\\/qntocigars.de\\\/wp-content\\\/uploads\\\/2024\\\/02\\\/icon.svg\",\"caption\":\"QNTO\"},\"image\":{\"@id\":\"https:\\\/\\\/qntocigars.de\\\/#\\\/schema\\\/logo\\\/image\\\/\"},\"sameAs\":[\"https:\\\/\\\/www.facebook.com\\\/TheQuntoCigars\\\/\",\"https:\\\/\\\/www.instagram.com\\\/qnto_cigars\\\/\"]}]}<\/script>\n<!-- \/ Yoast SEO plugin. -->","yoast_head_json":{"title":"SALMONES - QNTO","robots":{"index":"index","follow":"follow","max-snippet":"max-snippet:-1","max-image-preview":"max-image-preview:large","max-video-preview":"max-video-preview:-1"},"canonical":"https:\/\/qntocigars.de\/de\/produkt\/salmones\/","og_locale":"de_DE","og_type":"article","og_title":"SALMONES - QNTO","og_description":"The \"SALMONES\" from QUNTO CIGARS is a 7,5\u00d758 | 18,69cm X 2,30cm handmade cigar with an Ecuadorian wrapper and a blend of tobaccos from Costa Rica, the Dominican Republic, and Peru, offering a rich, complex flavor.","og_url":"https:\/\/qntocigars.de\/de\/produkt\/salmones\/","og_site_name":"QNTO","article_publisher":"https:\/\/www.facebook.com\/TheQuntoCigars\/","article_modified_time":"2025-05-02T11:54:41+00:00","og_image":[{"width":1000,"height":1250,"url":"https:\/\/qntocigars.de\/wp-content\/uploads\/2024\/01\/IMG_0619x-copy.webp","type":"image\/webp"}],"twitter_card":"summary_large_image","twitter_misc":{"Gesch\u00e4tzte Lesezeit":"1\u00a0Minute"},"schema":{"@context":"https:\/\/schema.org","@graph":[{"@type":"WebPage","@id":"https:\/\/qntocigars.de\/product\/salmones\/","url":"https:\/\/qntocigars.de\/product\/salmones\/","name":"SALMONES - QNTO","isPartOf":{"@id":"https:\/\/qntocigars.de\/#website"},"primaryImageOfPage":{"@id":"https:\/\/qntocigars.de\/product\/salmones\/#primaryimage"},"image":{"@id":"https:\/\/qntocigars.de\/product\/salmones\/#primaryimage"},"thumbnailUrl":"https:\/\/qntocigars.de\/wp-content\/uploads\/2024\/01\/IMG_0619x-copy.webp","datePublished":"2024-01-31T16:47:05+00:00","dateModified":"2025-05-02T11:54:41+00:00","breadcrumb":{"@id":"https:\/\/qntocigars.de\/product\/salmones\/#breadcrumb"},"inLanguage":"de","potentialAction":[{"@type":"ReadAction","target":["https:\/\/qntocigars.de\/product\/salmones\/"]}]},{"@type":"ImageObject","inLanguage":"de","@id":"https:\/\/qntocigars.de\/product\/salmones\/#primaryimage","url":"https:\/\/qntocigars.de\/wp-content\/uploads\/2024\/01\/IMG_0619x-copy.webp","contentUrl":"https:\/\/qntocigars.de\/wp-content\/uploads\/2024\/01\/IMG_0619x-copy.webp","width":1000,"height":1250},{"@type":"BreadcrumbList","@id":"https:\/\/qntocigars.de\/product\/salmones\/#breadcrumb","itemListElement":[{"@type":"ListItem","position":1,"name":"Home","item":"https:\/\/qntocigars.de\/"},{"@type":"ListItem","position":2,"name":"Shop","item":"https:\/\/qntocigars.de\/shop\/"},{"@type":"ListItem","position":3,"name":"SALMONES"}]},{"@type":"WebSite","@id":"https:\/\/qntocigars.de\/#website","url":"https:\/\/qntocigars.de\/","name":"QNTO","description":"PREMIUM CIGARS","publisher":{"@id":"https:\/\/qntocigars.de\/#organization"},"alternateName":"Qunto Cigars","potentialAction":[{"@type":"SearchAction","target":{"@type":"EntryPoint","urlTemplate":"https:\/\/qntocigars.de\/?s={search_term_string}"},"query-input":{"@type":"PropertyValueSpecification","valueRequired":true,"valueName":"search_term_string"}}],"inLanguage":"de"},{"@type":"Organization","@id":"https:\/\/qntocigars.de\/#organization","name":"QNTO","url":"https:\/\/qntocigars.de\/","logo":{"@type":"ImageObject","inLanguage":"de","@id":"https:\/\/qntocigars.de\/#\/schema\/logo\/image\/","url":"https:\/\/qntocigars.de\/wp-content\/uploads\/2024\/02\/icon.svg","contentUrl":"https:\/\/qntocigars.de\/wp-content\/uploads\/2024\/02\/icon.svg","caption":"QNTO"},"image":{"@id":"https:\/\/qntocigars.de\/#\/schema\/logo\/image\/"},"sameAs":["https:\/\/www.facebook.com\/TheQuntoCigars\/","https:\/\/www.instagram.com\/qnto_cigars\/"]}]}},"_links":{"self":[{"href":"https:\/\/qntocigars.de\/de\/wp-json\/wp\/v2\/product\/34876","targetHints":{"allow":["GET"]}}],"collection":[{"href":"https:\/\/qntocigars.de\/de\/wp-json\/wp\/v2\/product"}],"about":[{"href":"https:\/\/qntocigars.de\/de\/wp-json\/wp\/v2\/types\/product"}],"wp:featuredmedia":[{"embeddable":true,"href":"https:\/\/qntocigars.de\/de\/wp-json\/wp\/v2\/media\/34881"}],"wp:attachment":[{"href":"https:\/\/qntocigars.de\/de\/wp-json\/wp\/v2\/media?parent=34876"}],"wp:term":[{"taxonomy":"product_brand","embeddable":true,"href":"https:\/\/qntocigars.de\/de\/wp-json\/wp\/v2\/product_brand?post=34876"},{"taxonomy":"product_cat","embeddable":true,"href":"https:\/\/qntocigars.de\/de\/wp-json\/wp\/v2\/product_cat?post=34876"},{"taxonomy":"product_tag","embeddable":true,"href":"https:\/\/qntocigars.de\/de\/wp-json\/wp\/v2\/product_tag?post=34876"}],"curies":[{"name":"wp","href":"https:\/\/api.w.org\/{rel}","templated":true}]}}